{"id":350,"date":"2025-04-17T11:32:09","date_gmt":"2025-04-17T09:32:09","guid":{"rendered":"https:\/\/abc-traductions.eu\/ueber-uns\/"},"modified":"2025-07-07T23:23:36","modified_gmt":"2025-07-07T21:23:36","slug":"ueber-uns","status":"publish","type":"page","link":"https:\/\/abc-traductions.eu\/de\/ueber-uns\/","title":{"rendered":"\u00dcber uns"},"content":{"rendered":"<p>[et_pb_section fb_built=&#8220;1&#8243; _builder_version=&#8220;4.26.1&#8243; _module_preset=&#8220;default&#8220; background_color=&#8220;gcid-799cb1a0-2b46-4bbd-9691-f4ccc13977a3&#8243; global_colors_info=&#8220;{%22gcid-799cb1a0-2b46-4bbd-9691-f4ccc13977a3%22:%91%22background_color%22%93}&#8220;][et_pb_row _builder_version=&#8220;4.26.1&#8243; _module_preset=&#8220;default&#8220; global_colors_info=&#8220;{}&#8220;][et_pb_column type=&#8220;4_4&#8243; _builder_version=&#8220;4.26.1&#8243; _module_preset=&#8220;default&#8220; global_colors_info=&#8220;{}&#8220;][et_pb_text _builder_version=&#8220;4.26.1&#8243; _module_preset=&#8220;default&#8220; header_text_align=&#8220;center&#8220; global_colors_info=&#8220;{}&#8220;]<\/p>\n<h1><span style=\"color: #00bbca;\">ABC Traductions<\/span><\/h1>\n<h1>Ihr zuverl\u00e4ssiger Partner f\u00fcr professionelle Fach\u00fcbersetzungen<\/h1>\n<p>[\/et_pb_text][\/et_pb_column][\/et_pb_row][\/et_pb_section][et_pb_section fb_built=&#8220;1&#8243; _builder_version=&#8220;4.26.1&#8243; _module_preset=&#8220;default&#8220; hover_enabled=&#8220;0&#8243; global_colors_info=&#8220;{}&#8220; sticky_enabled=&#8220;0&#8243;][et_pb_row column_structure=&#8220;1_2,1_2&#8243; _builder_version=&#8220;4.26.1&#8243; _module_preset=&#8220;default&#8220; hover_enabled=&#8220;0&#8243; global_colors_info=&#8220;{}&#8220; custom_padding=&#8220;||0px||false|false&#8220; sticky_enabled=&#8220;0&#8243; module_class=&#8220;reverse&#8220;][et_pb_column type=&#8220;1_2&#8243; _builder_version=&#8220;4.26.1&#8243; _module_preset=&#8220;default&#8220; global_colors_info=&#8220;{}&#8220;][et_pb_image src=&#8220;https:\/\/abc-traductions.eu\/wp-content\/uploads\/2025\/04\/illu-multilingue.png&#8220; _builder_version=&#8220;4.26.1&#8243; _module_preset=&#8220;default&#8220; title_text=&#8220;illu-multilingue&#8220; hover_enabled=&#8220;0&#8243; sticky_enabled=&#8220;0&#8243; max_width=&#8220;400px&#8220; align=&#8220;center&#8220; custom_padding_last_edited=&#8220;on|tablet&#8220; custom_padding_tablet=&#8220;30px||0px||false|false&#8220; custom_padding_phone=&#8220;30px||0px||false|false&#8220;][\/et_pb_image][\/et_pb_column][et_pb_column type=&#8220;1_2&#8243; _builder_version=&#8220;4.26.1&#8243; _module_preset=&#8220;default&#8220; global_colors_info=&#8220;{}&#8220;][et_pb_text _builder_version=&#8220;4.26.1&#8243; _module_preset=&#8220;default&#8220; header_2_text_align=&#8220;left&#8220; global_colors_info=&#8220;{}&#8220;]<\/p>\n<h2><span style=\"color: #00bbca;\">Sprachliche Expertise<\/span> f\u00fcr Ihre juristischen, finanziellen und technischen Dokumente<\/h2>\n<p>[\/et_pb_text][et_pb_text _builder_version=&#8220;4.26.1&#8243; _module_preset=&#8220;default&#8220; global_colors_info=&#8220;{}&#8220;]<\/p>\n<p><strong>ABC Traductions<\/strong>, seit 1993 im Elsass ans\u00e4ssig, ist auf die \u00dcbersetzung von Fachtexten aus dem <strong>Franz\u00f6sischen und Englischen ins Deutsche<\/strong>, sowie in weitere europ\u00e4ische Sprachen, spezialisiert. Geleitet wird das \u00dcbersetzungsb\u00fcro von <strong>Petra Dwars<\/strong>, Diplom-Fach\u00fcbersetzerin, allgemein vereidigte Urkunden\u00fcbersetzerin und <strong>deutsche Muttersprachlerin<\/strong> mit \u00fcber 30 Jahren Berufserfahrung. <\/p>\n<p>Mit gro\u00dfer Reaktionsf\u00e4higkeit, Pr\u00e4zision und einem sehr hohen Qualit\u00e4tsanspruch erstellt Petra \u00dcbersetzungen f\u00fcr anspruchsvolle Fachbereiche: <strong>Recht, Steuern, Buchhaltung, Technik und Unternehmenskommunikation.<\/strong><\/p>\n<p>[\/et_pb_text][\/et_pb_column][\/et_pb_row][et_pb_row _builder_version=&#8220;4.26.1&#8243; _module_preset=&#8220;default&#8220; hover_enabled=&#8220;0&#8243; global_colors_info=&#8220;{}&#8220; custom_padding=&#8220;0px||||false|false&#8220; sticky_enabled=&#8220;0&#8243;][et_pb_column type=&#8220;4_4&#8243; _builder_version=&#8220;4.26.1&#8243; _module_preset=&#8220;default&#8220; global_colors_info=&#8220;{}&#8220;][et_pb_divider _builder_version=&#8220;4.26.1&#8243; _module_preset=&#8220;default&#8220; global_colors_info=&#8220;{}&#8220;][\/et_pb_divider][\/et_pb_column][\/et_pb_row][et_pb_row column_structure=&#8220;1_2,1_2&#8243; _builder_version=&#8220;4.26.1&#8243; _module_preset=&#8220;default&#8220; global_colors_info=&#8220;{}&#8220;][et_pb_column type=&#8220;1_2&#8243; _builder_version=&#8220;4.26.1&#8243; _module_preset=&#8220;default&#8220; global_colors_info=&#8220;{}&#8220;][et_pb_text _builder_version=&#8220;4.26.1&#8243; _module_preset=&#8220;default&#8220; header_2_text_align=&#8220;left&#8220; global_colors_info=&#8220;{}&#8220;]<\/p>\n<h2>Mehrsprachige Dienstleistungen auf Basis <span style=\"color: #00bbca;\">verl\u00e4sslicher<\/span> Partnerschaften<\/h2>\n<p>[\/et_pb_text][et_pb_text _builder_version=&#8220;4.26.1&#8243; _module_preset=&#8220;default&#8220; global_colors_info=&#8220;{}&#8220;]<\/p>\n<p>F\u00fcr \u00dcbersetzungen in andere europ\u00e4ische Sprachen arbeitet ABC Traductions mit einem sorgf\u00e4ltig ausgew\u00e4hlten Netzwerk <strong>professioneller Muttersprachler<\/strong> zusammen. Die Einhaltung des Muttersprachenprinzips garantiert <strong>sprachlich stimmige<\/strong> und <strong>terminologisch exakte<\/strong> \u00dcbersetzungen. <\/p>\n<p>Zu den Hauptkunden von ABC Traductions z\u00e4hlen <strong>Steuerberater, Wirtschaftspr\u00fcfer, Rechtsanw\u00e4lte, Notare<\/strong>, sowie <strong>Unternehmen<\/strong> und <strong>Consultingfirmen <\/strong>mit Bedarf an hochwertigen Fach\u00fcbersetzungen.<\/p>\n<p>[\/et_pb_text][\/et_pb_column][et_pb_column type=&#8220;1_2&#8243; _builder_version=&#8220;4.26.1&#8243; _module_preset=&#8220;default&#8220; global_colors_info=&#8220;{}&#8220;][et_pb_image src=&#8220;https:\/\/abc-traductions.eu\/wp-content\/uploads\/2025\/04\/pertnaire-langues-scaled.png&#8220; _builder_version=&#8220;4.26.1&#8243; _module_preset=&#8220;default&#8220; title_text=&#8220;pertnaire-langues&#8220; hover_enabled=&#8220;0&#8243; sticky_enabled=&#8220;0&#8243; max_width=&#8220;450px&#8220; align=&#8220;center&#8220;][\/et_pb_image][\/et_pb_column][\/et_pb_row][\/et_pb_section][et_pb_section fb_built=&#8220;1&#8243; _builder_version=&#8220;4.26.1&#8243; _module_preset=&#8220;default&#8220; background_color=&#8220;gcid-primary-color&#8220; background_image=&#8220;https:\/\/abc-traductions.eu\/wp-content\/uploads\/2025\/04\/fond.png&#8220; background_size=&#8220;contain&#8220; background_position=&#8220;center_left&#8220; locked=&#8220;off&#8220; global_colors_info=&#8220;{%22gcid-primary-color%22:%91%22background_color%22%93}&#8220;][et_pb_row _builder_version=&#8220;4.26.1&#8243; _module_preset=&#8220;default&#8220; global_colors_info=&#8220;{}&#8220;][et_pb_column type=&#8220;4_4&#8243; _builder_version=&#8220;4.26.1&#8243; _module_preset=&#8220;default&#8220; global_colors_info=&#8220;{}&#8220;][et_pb_text _builder_version=&#8220;4.26.1&#8243; _module_preset=&#8220;default&#8220; header_2_text_align=&#8220;center&#8220; header_2_text_color=&#8220;#FFFFFF&#8220; global_colors_info=&#8220;{}&#8220;]<\/p>\n<h2>Ein fundierter akademischer Hintergrund und ein anerkanntes berufliches Engagement<\/h2>\n<p>[\/et_pb_text][\/et_pb_column][\/et_pb_row][et_pb_row _builder_version=&#8220;4.26.1&#8243; _module_preset=&#8220;default&#8220; custom_padding=&#8220;0px||||false|false&#8220; hover_enabled=&#8220;0&#8243; global_colors_info=&#8220;{}&#8220; sticky_enabled=&#8220;0&#8243;][et_pb_column type=&#8220;4_4&#8243; _builder_version=&#8220;4.26.1&#8243; _module_preset=&#8220;default&#8220; global_colors_info=&#8220;{}&#8220;][et_pb_text _builder_version=&#8220;4.26.1&#8243; _module_preset=&#8220;default&#8220; text_text_color=&#8220;#FFFFFF&#8220; hover_enabled=&#8220;0&#8243; global_colors_info=&#8220;{}&#8220; text_orientation=&#8220;center&#8220; sticky_enabled=&#8220;0&#8243;]<\/p>\n<p>Petra Dwars ist <strong>Diplom-Fach\u00fcbersetzerin f\u00fcr Franz\u00f6sisch und Englisch<\/strong> und schloss ihr Studium 1992 an der Universit\u00e4t Hildesheim ab. Im Jahr 2013 erwarb sie mit Auszeichnung den <strong>franz\u00f6sischen Universit\u00e4tsabschluss<\/strong> \u201e<strong>D.U. Pr\u00e9paration aux \u00e9tudes de droit en fran\u00e7ais\u201c<\/strong> an der Universit\u00e4t Lyon III \u2013 ein Studiengang, der die Grundlagen des franz\u00f6sischen Rechts sowie eine Einf\u00fchrung in die juristische Fachsprache vermittelt.<br \/>Parallel dazu bildet sie sich regelm\u00e4\u00dfig in ihren <strong>Fachgebieten weiter<\/strong> \u2013 insbesondere in Recht, Steuern und Buchhaltung \u2013, um fachlich und terminologisch stets auf dem neuesten Stand zu bleiben. Erg\u00e4nzend dazu absolviert sie Schulungen zu professionellen \u00dcbersetzungstools und verfolgt aktiv die Entwicklungen im Bereich der K\u00fcnstlichen Intelligenz in der Fach\u00fcbersetzung \u2013 mit dem Ziel, neue Technologien sinnvoll und qualit\u00e4tsbewusst einzubinden.  <\/p>\n<p>Petra ist aktives Mitglied der beiden wichtigsten Berufsverb\u00e4nde der Branche:<\/p>\n<ul>\n<li><strong>la Soci\u00e9t\u00e9 Fran\u00e7aise des Traducteurs (SFT),<\/strong><\/li>\n<li><strong>Bundesverband der Dolmetscher und \u00dcbersetzer e. V. (BD\u00dc).<\/strong><\/li>\n<\/ul>\n<p>Au\u00dferdem engagiert sie sich im <strong>Deutsch-Franz\u00f6sischen Wirtschaftsclub Oberrhein (CAFA-RSO)<\/strong>, einem binationalen Netzwerk f\u00fcr beruflichen Austausch, Firmenbesuche und Veranstaltungen mit Schwerpunkt auf deutsch-franz\u00f6sischen Themen.<\/p>\n<p>[\/et_pb_text][\/et_pb_column][\/et_pb_row][\/et_pb_section]<\/p>\n","protected":false},"excerpt":{"rendered":"<p>ABC Traductions Ihr zuverl\u00e4ssiger Partner f\u00fcr professionelle Fach\u00fcbersetzungenSprachliche Expertise f\u00fcr Ihre juristischen, finanziellen und technischen DokumenteABC Traductions, seit 1993 im Elsass ans\u00e4ssig, ist auf die \u00dcbersetzung von Fachtexten aus dem Franz\u00f6sischen und Englischen ins Deutsche, sowie in weitere europ\u00e4ische Sprachen, spezialisiert. Geleitet wird das \u00dcbersetzungsb\u00fcro von Petra Dwars, Diplom-Fach\u00fcbersetzerin, allgemein vereidigte Urkunden\u00fcbersetzerin und deutsche Muttersprachlerin [&hellip;]<\/p>\n","protected":false},"author":1,"featured_media":0,"parent":0,"menu_order":0,"comment_status":"closed","ping_status":"closed","template":"","meta":{"_et_pb_use_builder":"on","_et_pb_old_content":"","_et_gb_content_width":"","footnotes":""},"class_list":["post-350","page","type-page","status-publish","hentry"],"yoast_head":"<!-- This site is optimized with the Yoast SEO plugin v25.4 - https:\/\/yoast.com\/wordpress\/plugins\/seo\/ -->\n<title>\u00dcber uns - ABC Traductions<\/title>\n<meta name=\"robots\" content=\"index, follow, max-snippet:-1, max-image-preview:large, max-video-preview:-1\" \/>\n<link rel=\"canonical\" href=\"https:\/\/abc-traductions.eu\/de\/ueber-uns\/\" \/>\n<meta property=\"og:locale\" content=\"de_DE\" \/>\n<meta property=\"og:type\" content=\"article\" \/>\n<meta property=\"og:title\" content=\"\u00dcber uns - ABC Traductions\" \/>\n<meta property=\"og:description\" content=\"ABC Traductions Ihr zuverl\u00e4ssiger Partner f\u00fcr professionelle Fach\u00fcbersetzungenSprachliche Expertise f\u00fcr Ihre juristischen, finanziellen und technischen DokumenteABC Traductions, seit 1993 im Elsass ans\u00e4ssig, ist auf die \u00dcbersetzung von Fachtexten aus dem Franz\u00f6sischen und Englischen ins Deutsche, sowie in weitere europ\u00e4ische Sprachen, spezialisiert. Geleitet wird das \u00dcbersetzungsb\u00fcro von Petra Dwars, Diplom-Fach\u00fcbersetzerin, allgemein vereidigte Urkunden\u00fcbersetzerin und deutsche Muttersprachlerin [&hellip;]\" \/>\n<meta property=\"og:url\" content=\"https:\/\/abc-traductions.eu\/de\/ueber-uns\/\" \/>\n<meta property=\"og:site_name\" content=\"ABC Traductions\" \/>\n<meta property=\"article:modified_time\" content=\"2025-07-07T21:23:36+00:00\" \/>\n<meta name=\"twitter:card\" content=\"summary_large_image\" \/>\n<meta name=\"twitter:label1\" content=\"Gesch\u00e4tzte Lesezeit\" \/>\n\t<meta name=\"twitter:data1\" content=\"5\u00a0Minuten\" \/>\n<script type=\"application\/ld+json\" class=\"yoast-schema-graph\">{\"@context\":\"https:\/\/schema.org\",\"@graph\":[{\"@type\":\"WebPage\",\"@id\":\"https:\/\/abc-traductions.eu\/de\/ueber-uns\/\",\"url\":\"https:\/\/abc-traductions.eu\/de\/ueber-uns\/\",\"name\":\"\u00dcber uns - ABC Traductions\",\"isPartOf\":{\"@id\":\"https:\/\/abc-traductions.eu\/de\/#website\"},\"datePublished\":\"2025-04-17T09:32:09+00:00\",\"dateModified\":\"2025-07-07T21:23:36+00:00\",\"breadcrumb\":{\"@id\":\"https:\/\/abc-traductions.eu\/de\/ueber-uns\/#breadcrumb\"},\"inLanguage\":\"de\",\"potentialAction\":[{\"@type\":\"ReadAction\",\"target\":[\"https:\/\/abc-traductions.eu\/de\/ueber-uns\/\"]}]},{\"@type\":\"BreadcrumbList\",\"@id\":\"https:\/\/abc-traductions.eu\/de\/ueber-uns\/#breadcrumb\",\"itemListElement\":[{\"@type\":\"ListItem\",\"position\":1,\"name\":\"Accueil\",\"item\":\"https:\/\/abc-traductions.eu\/de\/startseite\/\"},{\"@type\":\"ListItem\",\"position\":2,\"name\":\"\u00dcber uns\"}]},{\"@type\":\"WebSite\",\"@id\":\"https:\/\/abc-traductions.eu\/de\/#website\",\"url\":\"https:\/\/abc-traductions.eu\/de\/\",\"name\":\"ABC Traductions\",\"description\":\"Votre partenaire de confiance en traduction professionnelle\",\"publisher\":{\"@id\":\"https:\/\/abc-traductions.eu\/de\/#organization\"},\"potentialAction\":[{\"@type\":\"SearchAction\",\"target\":{\"@type\":\"EntryPoint\",\"urlTemplate\":\"https:\/\/abc-traductions.eu\/de\/?s={search_term_string}\"},\"query-input\":{\"@type\":\"PropertyValueSpecification\",\"valueRequired\":true,\"valueName\":\"search_term_string\"}}],\"inLanguage\":\"de\"},{\"@type\":\"Organization\",\"@id\":\"https:\/\/abc-traductions.eu\/de\/#organization\",\"name\":\"ABC Traductions\",\"url\":\"https:\/\/abc-traductions.eu\/de\/\",\"logo\":{\"@type\":\"ImageObject\",\"inLanguage\":\"de\",\"@id\":\"https:\/\/abc-traductions.eu\/de\/#\/schema\/logo\/image\/\",\"url\":\"https:\/\/abc-traductions.eu\/wp-content\/uploads\/2025\/04\/illustration-planete.png\",\"contentUrl\":\"https:\/\/abc-traductions.eu\/wp-content\/uploads\/2025\/04\/illustration-planete.png\",\"width\":546,\"height\":546,\"caption\":\"ABC Traductions\"},\"image\":{\"@id\":\"https:\/\/abc-traductions.eu\/de\/#\/schema\/logo\/image\/\"}}]}<\/script>\n<!-- \/ Yoast SEO plugin. -->","yoast_head_json":{"title":"\u00dcber uns - ABC Traductions","robots":{"index":"index","follow":"follow","max-snippet":"max-snippet:-1","max-image-preview":"max-image-preview:large","max-video-preview":"max-video-preview:-1"},"canonical":"https:\/\/abc-traductions.eu\/de\/ueber-uns\/","og_locale":"de_DE","og_type":"article","og_title":"\u00dcber uns - ABC Traductions","og_description":"ABC Traductions Ihr zuverl\u00e4ssiger Partner f\u00fcr professionelle Fach\u00fcbersetzungenSprachliche Expertise f\u00fcr Ihre juristischen, finanziellen und technischen DokumenteABC Traductions, seit 1993 im Elsass ans\u00e4ssig, ist auf die \u00dcbersetzung von Fachtexten aus dem Franz\u00f6sischen und Englischen ins Deutsche, sowie in weitere europ\u00e4ische Sprachen, spezialisiert. Geleitet wird das \u00dcbersetzungsb\u00fcro von Petra Dwars, Diplom-Fach\u00fcbersetzerin, allgemein vereidigte Urkunden\u00fcbersetzerin und deutsche Muttersprachlerin [&hellip;]","og_url":"https:\/\/abc-traductions.eu\/de\/ueber-uns\/","og_site_name":"ABC Traductions","article_modified_time":"2025-07-07T21:23:36+00:00","twitter_card":"summary_large_image","twitter_misc":{"Gesch\u00e4tzte Lesezeit":"5\u00a0Minuten"},"schema":{"@context":"https:\/\/schema.org","@graph":[{"@type":"WebPage","@id":"https:\/\/abc-traductions.eu\/de\/ueber-uns\/","url":"https:\/\/abc-traductions.eu\/de\/ueber-uns\/","name":"\u00dcber uns - ABC Traductions","isPartOf":{"@id":"https:\/\/abc-traductions.eu\/de\/#website"},"datePublished":"2025-04-17T09:32:09+00:00","dateModified":"2025-07-07T21:23:36+00:00","breadcrumb":{"@id":"https:\/\/abc-traductions.eu\/de\/ueber-uns\/#breadcrumb"},"inLanguage":"de","potentialAction":[{"@type":"ReadAction","target":["https:\/\/abc-traductions.eu\/de\/ueber-uns\/"]}]},{"@type":"BreadcrumbList","@id":"https:\/\/abc-traductions.eu\/de\/ueber-uns\/#breadcrumb","itemListElement":[{"@type":"ListItem","position":1,"name":"Accueil","item":"https:\/\/abc-traductions.eu\/de\/startseite\/"},{"@type":"ListItem","position":2,"name":"\u00dcber uns"}]},{"@type":"WebSite","@id":"https:\/\/abc-traductions.eu\/de\/#website","url":"https:\/\/abc-traductions.eu\/de\/","name":"ABC Traductions","description":"Votre partenaire de confiance en traduction professionnelle","publisher":{"@id":"https:\/\/abc-traductions.eu\/de\/#organization"},"potentialAction":[{"@type":"SearchAction","target":{"@type":"EntryPoint","urlTemplate":"https:\/\/abc-traductions.eu\/de\/?s={search_term_string}"},"query-input":{"@type":"PropertyValueSpecification","valueRequired":true,"valueName":"search_term_string"}}],"inLanguage":"de"},{"@type":"Organization","@id":"https:\/\/abc-traductions.eu\/de\/#organization","name":"ABC Traductions","url":"https:\/\/abc-traductions.eu\/de\/","logo":{"@type":"ImageObject","inLanguage":"de","@id":"https:\/\/abc-traductions.eu\/de\/#\/schema\/logo\/image\/","url":"https:\/\/abc-traductions.eu\/wp-content\/uploads\/2025\/04\/illustration-planete.png","contentUrl":"https:\/\/abc-traductions.eu\/wp-content\/uploads\/2025\/04\/illustration-planete.png","width":546,"height":546,"caption":"ABC Traductions"},"image":{"@id":"https:\/\/abc-traductions.eu\/de\/#\/schema\/logo\/image\/"}}]}},"_links":{"self":[{"href":"https:\/\/abc-traductions.eu\/de\/wp-json\/wp\/v2\/pages\/350","targetHints":{"allow":["GET"]}}],"collection":[{"href":"https:\/\/abc-traductions.eu\/de\/wp-json\/wp\/v2\/pages"}],"about":[{"href":"https:\/\/abc-traductions.eu\/de\/wp-json\/wp\/v2\/types\/page"}],"author":[{"embeddable":true,"href":"https:\/\/abc-traductions.eu\/de\/wp-json\/wp\/v2\/users\/1"}],"replies":[{"embeddable":true,"href":"https:\/\/abc-traductions.eu\/de\/wp-json\/wp\/v2\/comments?post=350"}],"version-history":[{"count":11,"href":"https:\/\/abc-traductions.eu\/de\/wp-json\/wp\/v2\/pages\/350\/revisions"}],"predecessor-version":[{"id":498,"href":"https:\/\/abc-traductions.eu\/de\/wp-json\/wp\/v2\/pages\/350\/revisions\/498"}],"wp:attachment":[{"href":"https:\/\/abc-traductions.eu\/de\/wp-json\/wp\/v2\/media?parent=350"}],"curies":[{"name":"wp","href":"https:\/\/api.w.org\/{rel}","templated":true}]}}